{"id":29,"date":"2024-03-11T12:14:42","date_gmt":"2024-03-11T12:14:42","guid":{"rendered":"https:\/\/madalina100multisite.supserv.cozmoslabs.com\/demo\/?page_id=29"},"modified":"2024-03-11T12:14:42","modified_gmt":"2024-03-11T12:14:42","slug":"pms-register","status":"publish","type":"page","link":"https:\/\/madalina100multisite.supserv.cozmoslabs.com\/demo\/de\/pms-register\/","title":{"rendered":"pms register"},"content":{"rendered":"<!--<form id=\"pms_--><!---form\" class=\"pms-form --><!--\" method=\"POST\">-->\n<form id=\"pms_register-form\" class=\"pms-form\" method=\"POST\" action=\"\">\n\n    \n    <input type=\"hidden\" id=\"pmstkn\" name=\"pmstkn\" value=\"f537d1100d\" \/><input type=\"hidden\" name=\"_wp_http_referer\" value=\"\/demo\/de\/wp-json\/wp\/v2\/pages\/29\" \/>\n    <ul class=\"pms-form-fields-wrapper\">\n\n        \n\n        \n        <div class=\"pms-account-section-wrapper\">\n                <li class=\"pms-field pms-user-login-field\">\n            <label for=\"pms_user_login\">Benutzername *<\/label>\n            <input id=\"pms_user_login\" name=\"user_login\" type=\"text\" value=\"\" \/>\n\n                    <\/li>\n\n                <li class=\"pms-field pms-user-email-field\">\n            <label for=\"pms_user_email\">Email *<\/label>\n            <input id=\"pms_user_email\" name=\"user_email\" type=\"text\" value=\"\" \/>\n\n                    <\/li>\n\n                <li class=\"pms-field pms-first-name-field\">\n            <label for=\"pms_first_name\">Vorname<\/label>\n            <input id=\"pms_first_name\" name=\"first_name\" type=\"text\" value=\"\" \/>\n\n                    <\/li>\n\n                <li class=\"pms-field pms-last-name-field\">\n            <label for=\"pms_last_name\">Nachname<\/label>\n            <input id=\"pms_last_name\" name=\"last_name\" type=\"text\" value=\"\" \/>\n\n                    <\/li>\n\n                <li class=\"pms-field pms-pass1-field\">\n            <label for=\"pms_pass1\">Passwort *<\/label>\n            <input id=\"pms_pass1\" name=\"pass1\" type=\"password\" \/>\n\n            \n                    <\/li>\n\n\n\n                <li class=\"pms-field pms-pass2-field\">\n            <label for=\"pms_pass2\">Passwort wiederholen *<\/label>\n            <input id=\"pms_pass2\" name=\"pass2\" type=\"password\" \/>\n\n                    <\/li>\n\n        \n        <\/div>\n        \n        <li class=\"pms-field pms-field-subscriptions\"><div class=\"pms-subscription-plan pms-hidden pms-subscription-plan-32\"><input type=\"hidden\" name=\"subscription_plans\" data-price=\"30\" data-duration=\"1\" data-fixed_membership=\"\" data-allow_renew=\"\" data-sign_up_fee=\"0\" data-trial=\"0\" data-recurring=\"2\"  value=\"32\" \/><label><span class=\"pms-subscription-plan-name\">Silver<\/span><span class=\"pms-subscription-plan-price\"><span class=\"pms-divider\"> - <\/span><span class=\"pms-subscription-plan-currency\">&#36;<\/span><span class=\"pms-subscription-plan-price-value\">30<\/span><span class=\"pms-divider\"> \/ <\/span><span class=\"pms-subscription-plan-duration\">1 Week<\/span><\/span><span class=\"pms-subscription-plan-trial\"><\/span><span class=\"pms-subscription-plan-sign-up-fee\"><\/span><\/label><\/div><div class=\"pms-subscription-plan-auto-renew\"><label><input name=\"pms_recurring\" type=\"checkbox\" value=\"1\"  \/>Automatische Verl\u00e4ngerung des Abonnements<\/label><\/div><input type=\"hidden\" name=\"pms_default_recurring\" value=\"1\" \/><div id=\"pms-paygates-wrapper\"><h3>Zahlungsmethode ausw\u00e4hlen<\/h3><div id=\"pms-paygates-inner\"><label><input type=\"radio\" class=\"pms_pay_gate\" name=\"pay_gate\" value=\"paypal_standard\"  checked='checked'data-sign_up_fee=\"1\" data-trial=\"1\" data-recurring=\"1\"  \/><span class=\"pms-paygate-name\">PayPal<\/span><\/label><label><input type=\"radio\" class=\"pms_pay_gate\" name=\"pay_gate\" value=\"stripe_connect\" data-sign_up_fee=\"1\" data-trial=\"1\" data-recurring=\"1\"  data-type=\"credit_card\" \/><span class=\"pms-paygate-name\">Kredit-\/Debitkarte<\/span><\/label><\/div><div id=\"pms-gateways-not-available\"><span>F\u00fcr das ausgew\u00e4hlte Abo sind keine Zahlungsmethoden verf\u00fcgbar.<\/span><\/div><\/div><input type=\"hidden\" id=\"stripe-pk\" value=\"pk_test_51OVyPnDWmekKsuNpxJDcD24OL3NQcp9MkqCAPTvTxa5cEDaDW6kRpkq7VLfHKSXITAnbXLAg2XWKKUokzaevzZkV00bUVTcddq\" \/><input type=\"hidden\" name=\"pms_stripe_connect_payment_intent\" value=\"\"\/><input type=\"hidden\" name=\"pms_stripe_connect_setup_intent\" value=\"\"\/><input type=\"hidden\" id=\"pms-stripe-ajax-payment-intent-nonce\" name=\"stripe_ajax_payment_intent_nonce\" value=\"b2db58f8fe\"\/><input type=\"hidden\" id=\"pms-stripe-ajax-update-payment-intent-nonce\" name=\"stripe_ajax_update_payment_intent_nonce\" value=\"35d44cdf33\"\/><\/li>\n    <\/ul>\n\n    <span id=\"pms-submit-button-loading-placeholder-text\" style=\"display: none;\">In Bearbeitung. Bitte kurz warten...<\/span><ul id=\"pms-credit-card-information\" class=\"pms-field-section pms-credit-card-information pms-section-credit-card-information\"><li class=\"pms-field pms-field-type-heading\"><h4>Payment Details<\/h4><\/li><div class=\"pms-spinner__holder\"><div class=\"pms-spinner\"><\/div><\/div><div id=\"pms-stripe-payment-elements\" style=\"display:none\"><\/div><\/ul>\n    <input class=\"pms-form-submit\" name=\"pms_register\" type=\"submit\" value=\"Registrieren\" \/>\n\n<input type=\"hidden\" name=\"trp-form-language\" value=\"de\"\/><\/form>","protected":false},"excerpt":{"rendered":"","protected":false},"author":1,"featured_media":0,"parent":0,"menu_order":0,"comment_status":"closed","ping_status":"closed","template":"","meta":{"footnotes":""},"class_list":["post-29","page","type-page","status-publish","hentry"],"_links":{"self":[{"href":"https:\/\/madalina100multisite.supserv.cozmoslabs.com\/demo\/de\/wp-json\/wp\/v2\/pages\/29","targetHints":{"allow":["GET"]}}],"collection":[{"href":"https:\/\/madalina100multisite.supserv.cozmoslabs.com\/demo\/de\/wp-json\/wp\/v2\/pages"}],"about":[{"href":"https:\/\/madalina100multisite.supserv.cozmoslabs.com\/demo\/de\/wp-json\/wp\/v2\/types\/page"}],"author":[{"embeddable":true,"href":"https:\/\/madalina100multisite.supserv.cozmoslabs.com\/demo\/de\/wp-json\/wp\/v2\/users\/1"}],"replies":[{"embeddable":true,"href":"https:\/\/madalina100multisite.supserv.cozmoslabs.com\/demo\/de\/wp-json\/wp\/v2\/comments?post=29"}],"version-history":[{"count":1,"href":"https:\/\/madalina100multisite.supserv.cozmoslabs.com\/demo\/de\/wp-json\/wp\/v2\/pages\/29\/revisions"}],"predecessor-version":[{"id":30,"href":"https:\/\/madalina100multisite.supserv.cozmoslabs.com\/demo\/de\/wp-json\/wp\/v2\/pages\/29\/revisions\/30"}],"wp:attachment":[{"href":"https:\/\/madalina100multisite.supserv.cozmoslabs.com\/demo\/de\/wp-json\/wp\/v2\/media?parent=29"}],"curies":[{"name":"wp","href":"https:\/\/api.w.org\/{rel}","templated":true}]}}